{"id":112,"date":"2016-11-02T20:38:02","date_gmt":"2016-11-02T23:38:02","guid":{"rendered":"http:\/\/adpocosdecaldas.com.br\/2016\/?page_id=112"},"modified":"2026-03-01T19:28:28","modified_gmt":"2026-03-01T22:28:28","slug":"congregacoes","status":"publish","type":"page","link":"https:\/\/adpocosdecaldas.com.br\/portal\/o-campo-de-pocos\/congregacoes\/","title":{"rendered":"Congrega\u00e7\u00f5es"},"content":{"rendered":"\n<figure class=\"wp-block-table\"><table><thead><tr><th>#<\/th><th>Congrega\u00e7\u00e3o<\/th><th>Dirigente<\/th><th>Endere\u00e7o<\/th><\/tr><\/thead><tbody><tr><th scope=\"row\">1<\/th><td><a href=\"http:\/\/bandeira-do-sul.adpocosdecaldas.com.br\/\">Bandeira do Sul<\/a><\/td><td>Miss.&nbsp;Cida<\/td><td>R. Alexandre Fernandes Resende, 113<\/td><\/tr><tr><th scope=\"row\">2<\/th><td><a href=\"http:\/\/bortolan.adpocosdecaldas.com.br\/\">Bortolan<\/a><\/td><td>Pr. Eude<\/td><td>Estrada&nbsp;\u00c1thila Cagnani de Melo, 11 &#8211; Panorama<\/td><\/tr><tr><th scope=\"row\">3<\/th><td><a href=\"http:\/\/botelhos.adpocosdecaldas.com.br\/\">Botelhos<\/a><\/td><td>Pr. Valdeir<\/td><td>R. Brasil, 426<\/td><\/tr><tr><th scope=\"row\">4<\/th><td><a href=\"http:\/\/cabo-verde.adpocosdecaldas.com.br\/\">Cabo Verde<\/a><\/td><td>Miss. Maria Helena<\/td><td>R.&nbsp;Andr\u00e9 Ventura de Oliveira, 71<\/td><\/tr><tr><th scope=\"row\">5<\/th><td><a href=\"http:\/\/campestre.adpocosdecaldas.com.br\/\">Campestre<\/a><\/td><td>Pr.&nbsp;Pedro<\/td><td>R.&nbsp;Sete de Setembro, 916<\/td><\/tr><tr><th scope=\"row\">6<\/th><td><a href=\"http:\/\/cohab.adpocosdecaldas.com.br\/\">Conjunto Habitacional<\/a><\/td><td>Pr. Jorge<\/td><td>R.&nbsp;Carlos de Oliveira Apolin\u00e1rio, 450<\/td><\/tr><tr><th scope=\"row\">7<\/th><td><a href=\"http:\/\/contendas.adpocosdecaldas.com.br\/\">Contendas<\/a><\/td><td>Pr. Bresce<\/td><td>Rod.&nbsp;Lourival Lind\u00f3rio de Faria, Km 280 (SP 344)<\/td><\/tr><tr><th scope=\"row\">8<\/th><td><a href=\"http:\/\/divinolandia.adpocosdecaldas.com.br\/\">Divinol\u00e2ndia<\/a><\/td><td>Miss. Gislaine<\/td><td>R. Cel. Jos\u00e9 Leopoldino, 351<\/td><\/tr><tr><th scope=\"row\">9<\/th><td><a href=\"http:\/\/dom-bosco.adpocosdecaldas.com.br\/\">Dom Bosco<\/a><\/td><td>Pr. Canind\u00e9<\/td><td>R.&nbsp;Ipiranga, 256<\/td><\/tr><tr><th scope=\"row\">10<\/th><td><a href=\"http:\/\/adpocosdecaldas.com.br\/2016\/o-campo-de-pocos\/congregacoes\/jd-aeroporto\/\">Jd. Aeroporto<\/a><\/td><td>Pr.&nbsp;Alvacir<\/td><td>R.&nbsp;Francisco Molina Lopes, 44<\/td><\/tr><tr><th scope=\"row\">11<\/th><td><a href=\"http:\/\/jd-daniele.adpocosdecaldas.com.br\/\">Jd. Daniele<\/a><\/td><td>Presb. Emerson<\/td><td>R. Vagner Luis da Cunha, 18<\/td><\/tr><tr><th scope=\"row\">12<\/th><td><a href=\"http:\/\/jd-ipe.adpocosdecaldas.com.br\/\">Jd. Ip\u00ea<\/a><\/td><td>Presb. Rafael<\/td><td>R.&nbsp;Jo\u00e3o Baldan, 285<\/td><\/tr><tr><th scope=\"row\">13<\/th><td><a href=\"http:\/\/jd-itamaraty-v.adpocosdecaldas.com.br\/\">Jd. Itamaraty V<\/a><\/td><td>Presb. Ricardo<\/td><td>R. Palmyra Baptista de Oliveira, 300<\/td><\/tr><tr><th scope=\"row\">14<\/th><td><a href=\"http:\/\/jd-kennedy-ii.adpocosdecaldas.com.br\/\">Jd. Kennedy II<\/a><\/td><td>Pr. Raimundo<\/td><td>R.&nbsp;Biotita, 550<\/td><\/tr><tr><th scope=\"row\">15<\/th><td><a href=\"http:\/\/jd-paraiso.adpocosdecaldas.com.br\/\">Jd. Para\u00edso<\/a><\/td><td>Pr. Dami\u00e3o<\/td><td>R.&nbsp;Jo\u00e3o Mariusso, 200<\/td><\/tr><tr><th scope=\"row\">16<\/th><td><a href=\"http:\/\/jd-philadelphia.adpocosdecaldas.com.br\/\">Jd. Philad\u00e9lphia<\/a><\/td><td>Presb. Maur\u00edcio<\/td><td>R.&nbsp;Jos\u00e9 Ranauro Sobrinho, 160<\/td><\/tr><tr><th scope=\"row\">17<\/th><td><a href=\"http:\/\/pq-pinheiros.adpocosdecaldas.com.br\/\">Pq. Pinheiros<\/a><\/td><td>Ev. Cristiano<\/td><td>R.&nbsp;Victor Emanuel Imesi, 221<\/td><\/tr><tr><th scope=\"row\">18<\/th><td><a href=\"http:\/\/pq-sao-sebastiao.adpocosdecaldas.com.br\/\">Pq. S\u00e3o Sebasti\u00e3o<\/a><\/td><td>Pr.&nbsp;Jo\u00e3o Lino<\/td><td>Av. Fl\u00e1vio Carrilo, 240<\/td><\/tr><tr><th scope=\"row\">19<\/th><td><a href=\"http:\/\/ribeirao-do-santo-antonio.adpocosdecaldas.com.br\/\">Ribeir\u00e3o do Santo Ant\u00f4nio<\/a><\/td><td>Presb. Jo\u00e3o Vitor<\/td><td>R.&nbsp;Jos\u00e9 Joaquim Junqueira, 510<\/td><\/tr><tr><td>20<\/td><td><a href=\"https:\/\/adpocosdecaldas.com.br\/portal\/santa-augusta\/\" data-type=\"page\" data-id=\"2258\">Santa Augusta<\/a><\/td><td>Presb. Rubens<\/td><td>R. Governador Israel Pinheiro, 168<\/td><\/tr><tr><th scope=\"row\">21<\/th><td><a href=\"http:\/\/sao-jorge.adpocosdecaldas.com.br\/\">S\u00e3o Jorge<\/a><\/td><td>Pr. Jaime<\/td><td>Av. S\u00e3o Jorge, 71<\/td><\/tr><tr><th scope=\"row\">22<\/th><td><a href=\"http:\/\/sao-jose.adpocosdecaldas.com.br\/\">S\u00e3o Jos\u00e9<\/a><\/td><td>Pr. Claudinei<\/td><td>R. Ranulfo Figueiredo, 256<\/td><\/tr><tr><td>23<\/td><td><a href=\"https:\/\/adpocosdecaldas.com.br\/portal\/o-campo-de-pocos\/congregacoes\/terras-de-santo-antonio\/\" data-type=\"page\" data-id=\"2267\">Terras de Santo Ant\u00f4nio<\/a><\/td><td>Pr. Manoel<\/td><td>R. dos Bosques, 40 &#8211; Caldas\/MG<\/td><\/tr><tr><th scope=\"row\">24<\/th><td><a href=\"http:\/\/veredas.adpocosdecaldas.com.br\/\">Veredas<\/a><\/td><td>Pr.&nbsp;Jos\u00e9 Rodrigues<\/td><td>R. Iracema Fernandes Bertozzi, 251<\/td><\/tr><tr><th scope=\"row\">25<\/th><td><a href=\"http:\/\/vila-matilde.adpocosdecaldas.com.br\/\">Vila Matilde<\/a><\/td><td>Pr. Gilvan<\/td><td>R. Prof. Manoel de Freitas, 85<\/td><\/tr><\/tbody><\/table><\/figure>\n","protected":false},"excerpt":{"rendered":"<p>#Congrega\u00e7\u00e3oDirigenteEndere\u00e7o1Bandeira do SulMiss.&nbsp;CidaR. Alexandre Fernandes Resende, 1132BortolanPr. EudeEstrada&nbsp;\u00c1thila Cagnani de Melo, 11 &#8211; Panorama3BotelhosPr. ValdeirR. Brasil, 4264Cabo VerdeMiss. Maria HelenaR.&nbsp;Andr\u00e9<\/p>\n","protected":false},"author":1,"featured_media":0,"parent":2,"menu_order":1,"comment_status":"closed","ping_status":"closed","template":"","meta":{"colormag_page_container_layout":"no_sidebar_full_width","colormag_page_sidebar_layout":"right_sidebar","footnotes":""},"class_list":["post-112","page","type-page","status-publish","hentry"],"_links":{"self":[{"href":"https:\/\/adpocosdecaldas.com.br\/portal\/wp-json\/wp\/v2\/pages\/112","targetHints":{"allow":["GET"]}}],"collection":[{"href":"https:\/\/adpocosdecaldas.com.br\/portal\/wp-json\/wp\/v2\/pages"}],"about":[{"href":"https:\/\/adpocosdecaldas.com.br\/portal\/wp-json\/wp\/v2\/types\/page"}],"author":[{"embeddable":true,"href":"https:\/\/adpocosdecaldas.com.br\/portal\/wp-json\/wp\/v2\/users\/1"}],"replies":[{"embeddable":true,"href":"https:\/\/adpocosdecaldas.com.br\/portal\/wp-json\/wp\/v2\/comments?post=112"}],"version-history":[{"count":73,"href":"https:\/\/adpocosdecaldas.com.br\/portal\/wp-json\/wp\/v2\/pages\/112\/revisions"}],"predecessor-version":[{"id":2287,"href":"https:\/\/adpocosdecaldas.com.br\/portal\/wp-json\/wp\/v2\/pages\/112\/revisions\/2287"}],"up":[{"embeddable":true,"href":"https:\/\/adpocosdecaldas.com.br\/portal\/wp-json\/wp\/v2\/pages\/2"}],"wp:attachment":[{"href":"https:\/\/adpocosdecaldas.com.br\/portal\/wp-json\/wp\/v2\/media?parent=112"}],"curies":[{"name":"wp","href":"https:\/\/api.w.org\/{rel}","templated":true}]}}