{"id":116,"date":"2016-11-18T19:52:14","date_gmt":"2016-11-18T22:52:14","guid":{"rendered":"http:\/\/adpocosdecaldas.com.br\/2016\/?page_id=116"},"modified":"2025-02-23T15:18:48","modified_gmt":"2025-02-23T18:18:48","slug":"igreja-sede","status":"publish","type":"page","link":"https:\/\/adpocosdecaldas.com.br\/portal\/o-campo-de-pocos\/igreja-sede\/","title":{"rendered":"Igreja Sede"},"content":{"rendered":"<h6 style=\"text-align: center;\">Presidente: Pastor Dr. Aur\u00e9lio Rodrigues dos Santos<\/h6>\n<h6 style=\"text-align: center;\">Endere\u00e7o:<\/h6>\n<p style=\"text-align: center;\"><iframe loading=\"lazy\" style=\"border: 0;\" src=\"https:\/\/www.google.com\/maps\/embed?pb=!1m18!1m12!1m3!1d3704.734273231939!2d-46.554505686308566!3d-21.790543004467306!2m3!1f0!2f0!3f0!3m2!1i1024!2i768!4f13.1!3m3!1m2!1s0x94c9dd20fcf83b51%3A0x6ae08b99014b3aa8!2sAD+Po%C3%A7os+de+Caldas!5e0!3m2!1spt-BR!2sbr!4v1561062193539!5m2!1spt-BR!2sbr\" width=\"600\" height=\"450\" frameborder=\"0\" allowfullscreen=\"allowfullscreen\"><\/iframe><\/p>\n<p style=\"text-align: center;\">R. Senador Godoy, 775 &#8211; Jd. S\u00e3o Paulo<br \/>\nCEP: 37704-693<br \/>\nPo\u00e7os de Caldas\/MG<\/p>\n","protected":false},"excerpt":{"rendered":"<p>Presidente: Pastor Dr. Aur\u00e9lio Rodrigues dos Santos Endere\u00e7o: R. Senador Godoy, 775 &#8211; Jd. S\u00e3o Paulo CEP: 37704-693 Po\u00e7os de<\/p>\n","protected":false},"author":1,"featured_media":228,"parent":2,"menu_order":0,"comment_status":"closed","ping_status":"closed","template":"","meta":{"colormag_page_container_layout":"no_sidebar_full_width","colormag_page_sidebar_layout":"right_sidebar","footnotes":""},"class_list":["post-116","page","type-page","status-publish","has-post-thumbnail","hentry"],"_links":{"self":[{"href":"https:\/\/adpocosdecaldas.com.br\/portal\/wp-json\/wp\/v2\/pages\/116","targetHints":{"allow":["GET"]}}],"collection":[{"href":"https:\/\/adpocosdecaldas.com.br\/portal\/wp-json\/wp\/v2\/pages"}],"about":[{"href":"https:\/\/adpocosdecaldas.com.br\/portal\/wp-json\/wp\/v2\/types\/page"}],"author":[{"embeddable":true,"href":"https:\/\/adpocosdecaldas.com.br\/portal\/wp-json\/wp\/v2\/users\/1"}],"replies":[{"embeddable":true,"href":"https:\/\/adpocosdecaldas.com.br\/portal\/wp-json\/wp\/v2\/comments?post=116"}],"version-history":[{"count":51,"href":"https:\/\/adpocosdecaldas.com.br\/portal\/wp-json\/wp\/v2\/pages\/116\/revisions"}],"predecessor-version":[{"id":2275,"href":"https:\/\/adpocosdecaldas.com.br\/portal\/wp-json\/wp\/v2\/pages\/116\/revisions\/2275"}],"up":[{"embeddable":true,"href":"https:\/\/adpocosdecaldas.com.br\/portal\/wp-json\/wp\/v2\/pages\/2"}],"wp:featuredmedia":[{"embeddable":true,"href":"https:\/\/adpocosdecaldas.com.br\/portal\/wp-json\/wp\/v2\/media\/228"}],"wp:attachment":[{"href":"https:\/\/adpocosdecaldas.com.br\/portal\/wp-json\/wp\/v2\/media?parent=116"}],"curies":[{"name":"wp","href":"https:\/\/api.w.org\/{rel}","templated":true}]}}