{"id":131,"date":"2016-11-19T14:25:28","date_gmt":"2016-11-19T17:25:28","guid":{"rendered":"http:\/\/adpocosdecaldas.com.br\/2016\/?page_id=131"},"modified":"2023-10-17T15:04:18","modified_gmt":"2023-10-17T18:04:18","slug":"mocidade","status":"publish","type":"page","link":"https:\/\/adpocosdecaldas.com.br\/portal\/departamentos\/mocidade\/","title":{"rendered":"Mocidade"},"content":{"rendered":"<h4>&#8220;UJACAMP&#8221;<\/h4>\n<p style=\"text-align: justify;\"><span class=\"wpsdc-drop-cap\">U<\/span>nidos trabalhamos para que a juventude cres\u00e7a na gra\u00e7a e no conhecimento, vivendo em equil\u00edbrio, para que nossa mente seja renovada a cada dia, como est\u00e1 escrito nas p\u00e1ginas da B\u00edblia Sagrada.<\/p>\n<p style=\"text-align: justify;\">A juventude trabalha com uma vasta agenda de reuni\u00f5es (congressos) com cada uma das congrega\u00e7\u00f5es do Campo e atende, sempre que poss\u00edvel, os convites de Igrejas s\u00e9rias e comprometidas com a Palavra e o Reino de Deus.<\/p>\n","protected":false},"excerpt":{"rendered":"<p>&#8220;UJACAMP&#8221; Unidos trabalhamos para que a juventude cres\u00e7a na gra\u00e7a e no conhecimento, vivendo em equil\u00edbrio, para que nossa mente<\/p>\n","protected":false},"author":1,"featured_media":0,"parent":126,"menu_order":2,"comment_status":"closed","ping_status":"closed","template":"","meta":{"colormag_page_container_layout":"no_sidebar_content_centered","colormag_page_sidebar_layout":"no_sidebar","footnotes":""},"class_list":["post-131","page","type-page","status-publish","hentry"],"_links":{"self":[{"href":"https:\/\/adpocosdecaldas.com.br\/portal\/wp-json\/wp\/v2\/pages\/131","targetHints":{"allow":["GET"]}}],"collection":[{"href":"https:\/\/adpocosdecaldas.com.br\/portal\/wp-json\/wp\/v2\/pages"}],"about":[{"href":"https:\/\/adpocosdecaldas.com.br\/portal\/wp-json\/wp\/v2\/types\/page"}],"author":[{"embeddable":true,"href":"https:\/\/adpocosdecaldas.com.br\/portal\/wp-json\/wp\/v2\/users\/1"}],"replies":[{"embeddable":true,"href":"https:\/\/adpocosdecaldas.com.br\/portal\/wp-json\/wp\/v2\/comments?post=131"}],"version-history":[{"count":12,"href":"https:\/\/adpocosdecaldas.com.br\/portal\/wp-json\/wp\/v2\/pages\/131\/revisions"}],"predecessor-version":[{"id":2219,"href":"https:\/\/adpocosdecaldas.com.br\/portal\/wp-json\/wp\/v2\/pages\/131\/revisions\/2219"}],"up":[{"embeddable":true,"href":"https:\/\/adpocosdecaldas.com.br\/portal\/wp-json\/wp\/v2\/pages\/126"}],"wp:attachment":[{"href":"https:\/\/adpocosdecaldas.com.br\/portal\/wp-json\/wp\/v2\/media?parent=131"}],"curies":[{"name":"wp","href":"https:\/\/api.w.org\/{rel}","templated":true}]}}