{"id":135,"date":"2016-11-19T14:26:33","date_gmt":"2016-11-19T17:26:33","guid":{"rendered":"http:\/\/adpocosdecaldas.com.br\/2016\/?page_id=135"},"modified":"2023-10-17T15:00:49","modified_gmt":"2023-10-17T18:00:49","slug":"ministerio-infantil","status":"publish","type":"page","link":"https:\/\/adpocosdecaldas.com.br\/portal\/departamentos\/ministerio-infantil\/","title":{"rendered":"Minist\u00e9rio Infantil"},"content":{"rendered":"<p style=\"text-align: justify;\"><span class=\"wpsdc-drop-cap\">Q<\/span>uando pensamos em crescimento da igreja, pensamos em adultos, mas a proposta do Minist\u00e9rio Infantil da AD\u00a0Po\u00e7os de Caldas \u00e9:<\/p>\n<blockquote><p>Quando pensar em crescimento da igreja, pense em crian\u00e7as!!<\/p><\/blockquote>\n<p style=\"text-align: justify;\">Elas est\u00e3o em todo lugar, est\u00e3o sempre prontas para ouvir uma hist\u00f3ria, acreditam em cada palavra e em cada gesto de algu\u00e9m que se disp\u00f5e a falar do Evangelho; levam tamb\u00e9m as Boas Novas com mais\u00a0facilidade, fidelidade, humildade e simplicidade.<\/p>\n<p style=\"text-align: justify;\">\u00c0s crian\u00e7as pertence o Reino de Deus e \u00e9 atrav\u00e9s delas que aprendemos as coisas simples da vida. O amor, o perd\u00e3o, a f\u00e9 e a confian\u00e7a s\u00e3o frutos vis\u00edveis na vida de todas as crian\u00e7as.<\/p>\n<p style=\"text-align: right;\"><em>Diac. Cl\u00e1udia<\/em><br \/>\n<em>L\u00edder do Minist\u00e9rio Infantil<\/em><\/p>\n","protected":false},"excerpt":{"rendered":"<p>Quando pensamos em crescimento da igreja, pensamos em adultos, mas a proposta do Minist\u00e9rio Infantil da AD\u00a0Po\u00e7os de Caldas \u00e9:<\/p>\n","protected":false},"author":1,"featured_media":0,"parent":126,"menu_order":3,"comment_status":"closed","ping_status":"closed","template":"","meta":{"colormag_page_container_layout":"no_sidebar_content_centered","colormag_page_sidebar_layout":"no_sidebar","footnotes":""},"class_list":["post-135","page","type-page","status-publish","hentry"],"_links":{"self":[{"href":"https:\/\/adpocosdecaldas.com.br\/portal\/wp-json\/wp\/v2\/pages\/135","targetHints":{"allow":["GET"]}}],"collection":[{"href":"https:\/\/adpocosdecaldas.com.br\/portal\/wp-json\/wp\/v2\/pages"}],"about":[{"href":"https:\/\/adpocosdecaldas.com.br\/portal\/wp-json\/wp\/v2\/types\/page"}],"author":[{"embeddable":true,"href":"https:\/\/adpocosdecaldas.com.br\/portal\/wp-json\/wp\/v2\/users\/1"}],"replies":[{"embeddable":true,"href":"https:\/\/adpocosdecaldas.com.br\/portal\/wp-json\/wp\/v2\/comments?post=135"}],"version-history":[{"count":8,"href":"https:\/\/adpocosdecaldas.com.br\/portal\/wp-json\/wp\/v2\/pages\/135\/revisions"}],"predecessor-version":[{"id":2217,"href":"https:\/\/adpocosdecaldas.com.br\/portal\/wp-json\/wp\/v2\/pages\/135\/revisions\/2217"}],"up":[{"embeddable":true,"href":"https:\/\/adpocosdecaldas.com.br\/portal\/wp-json\/wp\/v2\/pages\/126"}],"wp:attachment":[{"href":"https:\/\/adpocosdecaldas.com.br\/portal\/wp-json\/wp\/v2\/media?parent=135"}],"curies":[{"name":"wp","href":"https:\/\/api.w.org\/{rel}","templated":true}]}}