{"id":137,"date":"2016-11-19T14:33:15","date_gmt":"2016-11-19T17:33:15","guid":{"rendered":"http:\/\/adpocosdecaldas.com.br\/2016\/?page_id=137"},"modified":"2023-10-17T14:59:16","modified_gmt":"2023-10-17T17:59:16","slug":"escola-biblica-dominical","status":"publish","type":"page","link":"https:\/\/adpocosdecaldas.com.br\/portal\/departamentos\/escola-biblica-dominical\/","title":{"rendered":"Escola B\u00edblica Dominical"},"content":{"rendered":"<p style=\"text-align: justify;\"><span class=\"wpsdc-drop-cap\">T<\/span>oda Escritura nos foi dada por inspira\u00e7\u00e3o de Deus e \u00e9 \u00fatil para nos ensinar o que \u00e9 verdadeiro e para nos fazer compreender o que est\u00e1 errado em nossas vidas; Ela nos endireita e nos ajuda a fazer o que \u00e9 correto. Ela \u00e9 o meio em que Deus utiliza para nos tornar bem preparados em todos os pontos, perfeitamente habilitados para toda boa obra. 2 Tim\u00f3teo 3:16 e 17 (Vers\u00e3o B\u00edblia Viva)<\/p>\n<p style=\"text-align: justify;\">A Escola B\u00edblica Dominical \u00e9 a \u00fanica escola que ensina e prepara para a vida eterna. Tamb\u00e9m contribui para o aperfei\u00e7oamento do car\u00e1ter crist\u00e3o, ajuda na forma\u00e7\u00e3o dos santos para a seara do Senhor e fortalece espiritualmente os membros do corpo de Cristo atrav\u00e9s do ensino met\u00f3dico e permanente da palavra de Deus.<\/p>\n<p style=\"text-align: justify;\">Venha Participar conosco aos Domingos: Ora\u00e7\u00e3o \u00e0s 07h30m e Escola B\u00edblica Dominical \u00e0s 08h30m.<\/p>\n<p>Fique na paz do nosso Senhor. Deus aben\u00e7oe!<\/p>\n","protected":false},"excerpt":{"rendered":"<p>Toda Escritura nos foi dada por inspira\u00e7\u00e3o de Deus e \u00e9 \u00fatil para nos ensinar o que \u00e9 verdadeiro e<\/p>\n","protected":false},"author":1,"featured_media":0,"parent":126,"menu_order":4,"comment_status":"closed","ping_status":"closed","template":"","meta":{"colormag_page_container_layout":"no_sidebar_content_centered","colormag_page_sidebar_layout":"no_sidebar","footnotes":""},"class_list":["post-137","page","type-page","status-publish","hentry"],"_links":{"self":[{"href":"https:\/\/adpocosdecaldas.com.br\/portal\/wp-json\/wp\/v2\/pages\/137","targetHints":{"allow":["GET"]}}],"collection":[{"href":"https:\/\/adpocosdecaldas.com.br\/portal\/wp-json\/wp\/v2\/pages"}],"about":[{"href":"https:\/\/adpocosdecaldas.com.br\/portal\/wp-json\/wp\/v2\/types\/page"}],"author":[{"embeddable":true,"href":"https:\/\/adpocosdecaldas.com.br\/portal\/wp-json\/wp\/v2\/users\/1"}],"replies":[{"embeddable":true,"href":"https:\/\/adpocosdecaldas.com.br\/portal\/wp-json\/wp\/v2\/comments?post=137"}],"version-history":[{"count":4,"href":"https:\/\/adpocosdecaldas.com.br\/portal\/wp-json\/wp\/v2\/pages\/137\/revisions"}],"predecessor-version":[{"id":2216,"href":"https:\/\/adpocosdecaldas.com.br\/portal\/wp-json\/wp\/v2\/pages\/137\/revisions\/2216"}],"up":[{"embeddable":true,"href":"https:\/\/adpocosdecaldas.com.br\/portal\/wp-json\/wp\/v2\/pages\/126"}],"wp:attachment":[{"href":"https:\/\/adpocosdecaldas.com.br\/portal\/wp-json\/wp\/v2\/media?parent=137"}],"curies":[{"name":"wp","href":"https:\/\/api.w.org\/{rel}","templated":true}]}}