{"id":624,"date":"2016-12-15T10:19:57","date_gmt":"2016-12-15T13:19:57","guid":{"rendered":"http:\/\/adpocosdecaldas.com.br\/2016\/?page_id=624"},"modified":"2026-03-01T19:37:01","modified_gmt":"2026-03-01T22:37:01","slug":"jd-ipe","status":"publish","type":"page","link":"https:\/\/adpocosdecaldas.com.br\/portal\/o-campo-de-pocos\/congregacoes\/jd-ipe\/","title":{"rendered":"Jd. Ip\u00ea"},"content":{"rendered":"<h6 style=\"text-align: center;\">Dirigente: Presb\u00edtero Rafael<\/h6>\n<p style=\"text-align: center;\"><img loading=\"lazy\" decoding=\"async\" class=\"alignnone size-full wp-image-856\" src=\"http:\/\/adpocosdecaldas.com.br\/portal\/wp-content\/uploads\/2016\/12\/fachada-jd-ipe.jpg\" alt=\"\" width=\"600\" height=\"338\" srcset=\"https:\/\/adpocosdecaldas.com.br\/portal\/wp-content\/uploads\/2016\/12\/fachada-jd-ipe.jpg 600w, https:\/\/adpocosdecaldas.com.br\/portal\/wp-content\/uploads\/2016\/12\/fachada-jd-ipe-300x169.jpg 300w\" sizes=\"auto, (max-width: 600px) 100vw, 600px\" \/><\/p>\n<h6 style=\"text-align: center;\">Endere\u00e7o:<\/h6>\n<p style=\"text-align: center;\"><iframe loading=\"lazy\" style=\"border: 0;\" src=\"https:\/\/www.google.com\/maps\/embed?pb=!1m18!1m12!1m3!1d3704.425172841904!2d-46.547804984646525!3d-21.802497485584386!2m3!1f0!2f0!3f0!3m2!1i1024!2i768!4f13.1!3m3!1m2!1s0x94c9dd2d79811e17%3A0xb96e6833848dc6f2!2sR.+Jo%C3%A3o+Baldan%2C+165+-+Jardim+Ipe%2C+Po%C3%A7os+de+Caldas+-+MG%2C+37704-202!5e0!3m2!1spt-BR!2sbr!4v1486066074272\" width=\"600\" height=\"450\" frameborder=\"0\" allowfullscreen=\"allowfullscreen\"><\/iframe><\/p>\n<address style=\"text-align: center;\">R. Jo\u00e3o Baldan, 165 &#8211; Jardim Ip\u00ea<br \/>\nCEP: 37704-202<br \/>\nPo\u00e7os de Caldas\/MG<\/address>\n","protected":false},"excerpt":{"rendered":"<p>Dirigente: Presb\u00edtero Rafael Endere\u00e7o: R. Jo\u00e3o Baldan, 165 &#8211; Jardim Ip\u00ea CEP: 37704-202 Po\u00e7os de Caldas\/MG<\/p>\n","protected":false},"author":1,"featured_media":0,"parent":112,"menu_order":0,"comment_status":"closed","ping_status":"closed","template":"","meta":{"colormag_page_container_layout":"no_sidebar_full_width","colormag_page_sidebar_layout":"right_sidebar","footnotes":""},"class_list":["post-624","page","type-page","status-publish","hentry"],"_links":{"self":[{"href":"https:\/\/adpocosdecaldas.com.br\/portal\/wp-json\/wp\/v2\/pages\/624","targetHints":{"allow":["GET"]}}],"collection":[{"href":"https:\/\/adpocosdecaldas.com.br\/portal\/wp-json\/wp\/v2\/pages"}],"about":[{"href":"https:\/\/adpocosdecaldas.com.br\/portal\/wp-json\/wp\/v2\/types\/page"}],"author":[{"embeddable":true,"href":"https:\/\/adpocosdecaldas.com.br\/portal\/wp-json\/wp\/v2\/users\/1"}],"replies":[{"embeddable":true,"href":"https:\/\/adpocosdecaldas.com.br\/portal\/wp-json\/wp\/v2\/comments?post=624"}],"version-history":[{"count":8,"href":"https:\/\/adpocosdecaldas.com.br\/portal\/wp-json\/wp\/v2\/pages\/624\/revisions"}],"predecessor-version":[{"id":2292,"href":"https:\/\/adpocosdecaldas.com.br\/portal\/wp-json\/wp\/v2\/pages\/624\/revisions\/2292"}],"up":[{"embeddable":true,"href":"https:\/\/adpocosdecaldas.com.br\/portal\/wp-json\/wp\/v2\/pages\/112"}],"wp:attachment":[{"href":"https:\/\/adpocosdecaldas.com.br\/portal\/wp-json\/wp\/v2\/media?parent=624"}],"curies":[{"name":"wp","href":"https:\/\/api.w.org\/{rel}","templated":true}]}}