{"id":630,"date":"2016-12-15T10:37:32","date_gmt":"2016-12-15T13:37:32","guid":{"rendered":"http:\/\/adpocosdecaldas.com.br\/2016\/?page_id=630"},"modified":"2024-04-16T15:51:23","modified_gmt":"2024-04-16T18:51:23","slug":"jd-paraiso","status":"publish","type":"page","link":"https:\/\/adpocosdecaldas.com.br\/portal\/o-campo-de-pocos\/congregacoes\/jd-paraiso\/","title":{"rendered":"Jd. Para\u00edso"},"content":{"rendered":"<h6 style=\"text-align: center;\">Dirigente: Pastor Dami\u00e3o<\/h6>\n<p style=\"text-align: center;\"><img loading=\"lazy\" decoding=\"async\" class=\"alignnone size-full wp-image-848\" src=\"http:\/\/adpocosdecaldas.com.br\/portal\/wp-content\/uploads\/2016\/12\/fachada-jd-paraiso.jpg\" alt=\"\" width=\"360\" height=\"474\" srcset=\"https:\/\/adpocosdecaldas.com.br\/portal\/wp-content\/uploads\/2016\/12\/fachada-jd-paraiso.jpg 360w, https:\/\/adpocosdecaldas.com.br\/portal\/wp-content\/uploads\/2016\/12\/fachada-jd-paraiso-228x300.jpg 228w\" sizes=\"auto, (max-width: 360px) 100vw, 360px\" \/><\/p>\n<h6 style=\"text-align: center;\">Endere\u00e7o:<\/h6>\n<p style=\"text-align: center;\"><iframe loading=\"lazy\" style=\"border: 0;\" src=\"https:\/\/www.google.com\/maps\/embed?pb=!1m18!1m12!1m3!1d3703.8042679954524!2d-46.56026374979123!3d-21.826492205630032!2m3!1f0!2f0!3f0!3m2!1i1024!2i768!4f13.1!3m3!1m2!1s0x94c9c321b8ad21d9%3A0x5617ddb24983db52!2sAD+Po%C3%A7os+de+Caldas!5e0!3m2!1spt-BR!2sbr!4v1481808908232\" width=\"600\" height=\"450\" frameborder=\"0\" allowfullscreen=\"allowfullscreen\"><\/iframe><\/p>\n<address style=\"text-align: center;\">R. Jo\u00e3o Mariusso, 200 &#8211; Jardim Para\u00edso<br \/>\nCEP: 37706-147<br \/>\nPo\u00e7os de Caldas\/MG<\/address>\n","protected":false},"excerpt":{"rendered":"<p>Dirigente: Pastor Dami\u00e3o Endere\u00e7o: R. Jo\u00e3o Mariusso, 200 &#8211; Jardim Para\u00edso CEP: 37706-147 Po\u00e7os de Caldas\/MG<\/p>\n","protected":false},"author":1,"featured_media":0,"parent":112,"menu_order":0,"comment_status":"closed","ping_status":"closed","template":"","meta":{"colormag_page_container_layout":"no_sidebar_full_width","colormag_page_sidebar_layout":"right_sidebar","footnotes":""},"class_list":["post-630","page","type-page","status-publish","hentry"],"_links":{"self":[{"href":"https:\/\/adpocosdecaldas.com.br\/portal\/wp-json\/wp\/v2\/pages\/630","targetHints":{"allow":["GET"]}}],"collection":[{"href":"https:\/\/adpocosdecaldas.com.br\/portal\/wp-json\/wp\/v2\/pages"}],"about":[{"href":"https:\/\/adpocosdecaldas.com.br\/portal\/wp-json\/wp\/v2\/types\/page"}],"author":[{"embeddable":true,"href":"https:\/\/adpocosdecaldas.com.br\/portal\/wp-json\/wp\/v2\/users\/1"}],"replies":[{"embeddable":true,"href":"https:\/\/adpocosdecaldas.com.br\/portal\/wp-json\/wp\/v2\/comments?post=630"}],"version-history":[{"count":7,"href":"https:\/\/adpocosdecaldas.com.br\/portal\/wp-json\/wp\/v2\/pages\/630\/revisions"}],"predecessor-version":[{"id":2239,"href":"https:\/\/adpocosdecaldas.com.br\/portal\/wp-json\/wp\/v2\/pages\/630\/revisions\/2239"}],"up":[{"embeddable":true,"href":"https:\/\/adpocosdecaldas.com.br\/portal\/wp-json\/wp\/v2\/pages\/112"}],"wp:attachment":[{"href":"https:\/\/adpocosdecaldas.com.br\/portal\/wp-json\/wp\/v2\/media?parent=630"}],"curies":[{"name":"wp","href":"https:\/\/api.w.org\/{rel}","templated":true}]}}