{"id":632,"date":"2016-12-15T10:40:41","date_gmt":"2016-12-15T13:40:41","guid":{"rendered":"http:\/\/adpocosdecaldas.com.br\/2016\/?page_id=632"},"modified":"2026-03-01T19:38:21","modified_gmt":"2026-03-01T22:38:21","slug":"jd-philadelphia","status":"publish","type":"page","link":"https:\/\/adpocosdecaldas.com.br\/portal\/o-campo-de-pocos\/congregacoes\/jd-philadelphia\/","title":{"rendered":"Jd. Philad\u00e9lphia"},"content":{"rendered":"<h6 style=\"text-align: center;\">Dirigente: Presb\u00edtero Maur\u00edcio<\/h6>\n<h6 style=\"text-align: center;\">Endere\u00e7o:<\/h6>\n<p style=\"text-align: center;\"><iframe loading=\"lazy\" style=\"border: 0;\" src=\"https:\/\/www.google.com\/maps\/embed?pb=!1m18!1m12!1m3!1d3704.437377057338!2d-46.516663085308096!3d-21.802025604862646!2m3!1f0!2f0!3f0!3m2!1i1024!2i768!4f13.1!3m3!1m2!1s0x94c9e802f0b5e283%3A0x5f5ba196c4e3a209!2sRua+Jos%C3%A9+Ranauro+Sobrinho%2C+160+-+Jardim+Philadelphia%2C+Po%C3%A7os+de+Caldas+-+MG%2C+37710-312!5e0!3m2!1spt-BR!2sbr!4v1512146068069\" width=\"600\" height=\"450\" frameborder=\"0\" allowfullscreen=\"allowfullscreen\"><span data-mce-type=\"bookmark\" style=\"display: inline-block; width: 0px; overflow: hidden; line-height: 0;\" class=\"mce_SELRES_start\">\ufeff<\/span><span data-mce-type=\"bookmark\" style=\"display: inline-block; width: 0px; overflow: hidden; line-height: 0;\" class=\"mce_SELRES_start\">\ufeff<\/span><\/iframe><\/p>\n<address style=\"text-align: center;\">R. Jos\u00e9 Ranauro Sobrinho, 160 &#8211; Jardim Philad\u00e9lphia<br \/>\nCEP: 37710-312<br \/>\nPo\u00e7os de Caldas\/MG<\/address>\n","protected":false},"excerpt":{"rendered":"<p>Dirigente: Presb\u00edtero Maur\u00edcio Endere\u00e7o: \ufeff\ufeff R. Jos\u00e9 Ranauro Sobrinho, 160 &#8211; Jardim Philad\u00e9lphia CEP: 37710-312 Po\u00e7os de Caldas\/MG<\/p>\n","protected":false},"author":1,"featured_media":0,"parent":112,"menu_order":0,"comment_status":"closed","ping_status":"closed","template":"","meta":{"colormag_page_container_layout":"no_sidebar_full_width","colormag_page_sidebar_layout":"right_sidebar","footnotes":""},"class_list":["post-632","page","type-page","status-publish","hentry"],"_links":{"self":[{"href":"https:\/\/adpocosdecaldas.com.br\/portal\/wp-json\/wp\/v2\/pages\/632","targetHints":{"allow":["GET"]}}],"collection":[{"href":"https:\/\/adpocosdecaldas.com.br\/portal\/wp-json\/wp\/v2\/pages"}],"about":[{"href":"https:\/\/adpocosdecaldas.com.br\/portal\/wp-json\/wp\/v2\/types\/page"}],"author":[{"embeddable":true,"href":"https:\/\/adpocosdecaldas.com.br\/portal\/wp-json\/wp\/v2\/users\/1"}],"replies":[{"embeddable":true,"href":"https:\/\/adpocosdecaldas.com.br\/portal\/wp-json\/wp\/v2\/comments?post=632"}],"version-history":[{"count":11,"href":"https:\/\/adpocosdecaldas.com.br\/portal\/wp-json\/wp\/v2\/pages\/632\/revisions"}],"predecessor-version":[{"id":2293,"href":"https:\/\/adpocosdecaldas.com.br\/portal\/wp-json\/wp\/v2\/pages\/632\/revisions\/2293"}],"up":[{"embeddable":true,"href":"https:\/\/adpocosdecaldas.com.br\/portal\/wp-json\/wp\/v2\/pages\/112"}],"wp:attachment":[{"href":"https:\/\/adpocosdecaldas.com.br\/portal\/wp-json\/wp\/v2\/media?parent=632"}],"curies":[{"name":"wp","href":"https:\/\/api.w.org\/{rel}","templated":true}]}}